{"id":18,"date":"2021-04-14T01:38:27","date_gmt":"2021-04-14T01:38:27","guid":{"rendered":"http:\/\/agenciagroove.com.br\/?page_id=18"},"modified":"2025-05-10T00:50:59","modified_gmt":"2025-05-10T00:50:59","slug":"agencia","status":"publish","type":"page","link":"https:\/\/www.agenciagroove.com.br\/","title":{"rendered":"Proposta"},"content":{"rendered":"\n<p class=\"has-text-align-left has-black-color has-text-color has-medium-font-size\">Uma pausa para um caf\u00e9 e cuidar da manuten\u00e7\u00e3o do site. Voltamos em breve!<\/p>\n\n\n\n<p><\/p>\n","protected":false},"excerpt":{"rendered":"<p>Uma pausa para um caf\u00e9 e cuidar da manuten\u00e7\u00e3o do site. Voltamos em breve!<\/p>\n","protected":false},"author":1,"featured_media":0,"parent":0,"menu_order":0,"comment_status":"closed","ping_status":"closed","template":"","meta":[],"_links":{"self":[{"href":"https:\/\/www.agenciagroove.com.br\/index.php?rest_route=\/wp\/v2\/pages\/18"}],"collection":[{"href":"https:\/\/www.agenciagroove.com.br\/index.php?rest_route=\/wp\/v2\/pages"}],"about":[{"href":"https:\/\/www.agenciagroove.com.br\/index.php?rest_route=\/wp\/v2\/types\/page"}],"author":[{"embeddable":true,"href":"https:\/\/www.agenciagroove.com.br\/index.php?rest_route=\/wp\/v2\/users\/1"}],"replies":[{"embeddable":true,"href":"https:\/\/www.agenciagroove.com.br\/index.php?rest_route=%2Fwp%2Fv2%2Fcomments&post=18"}],"version-history":[{"count":17,"href":"https:\/\/www.agenciagroove.com.br\/index.php?rest_route=\/wp\/v2\/pages\/18\/revisions"}],"predecessor-version":[{"id":74,"href":"https:\/\/www.agenciagroove.com.br\/index.php?rest_route=\/wp\/v2\/pages\/18\/revisions\/74"}],"wp:attachment":[{"href":"https:\/\/www.agenciagroove.com.br\/index.php?rest_route=%2Fwp%2Fv2%2Fmedia&parent=18"}],"curies":[{"name":"wp","href":"https:\/\/api.w.org\/{rel}","templated":true}]}}